{"id":987545800,"date":"2025-06-24T19:02:32","date_gmt":"2025-06-24T22:02:32","guid":{"rendered":"https:\/\/zedra.com.ar\/ecommerce\/?post_type=product&#038;p=987545800"},"modified":"2026-04-20T21:31:29","modified_gmt":"2026-04-21T00:31:29","slug":"banera-acrilica-wave-splash-130x70x58-cm","status":"publish","type":"product","link":"https:\/\/zedra.com.ar\/ecommerce\/tienda\/baneras\/coleccion-wave\/banera-acrilica-wave-splash-130x70x58-cm\/","title":{"rendered":"Ba\u00f1era Acr\u00edlica Wave Splash 130x70x58 cm"},"content":{"rendered":"<p>Modelo Splash<br \/>\nBa\u00f1era de acr\u00edlico pensada para espacios m\u00e1s reducidos, manteniendo un dise\u00f1o moderno y funcional.<\/p>\n<p>Especificaciones<br \/>\nMedidas: 130 x 70 x 58 cm<br \/>\nMaterialidad: Acr\u00edlico<br \/>\nColor: Blanco<br \/>\nTerminaci\u00f3n: Brillante<\/p>\n<p>Componentes<br \/>\nBot\u00f3n pop-up cromado<br \/>\nDesag\u00fce<br \/>\nPatas escondidas para nivelaci\u00f3n<\/p>\n<p>Garant\u00eda<br \/>\n1 a\u00f1o<\/p>\n<p>Las im\u00e1genes son ilustrativas y los colores pueden variar. Las fotograf\u00edas, textos, informaci\u00f3n y contenidos son representativos y propiedad de ZEDRA.<\/p>\n","protected":false},"excerpt":{"rendered":"<p>Encontr\u00e1 el <a href=\"https:\/\/zedra.com.ar\/distribuidores\/\" target=\"_blank\" rel=\"noopener\">distribuidor<\/a> Zedra m\u00e1s cercano para coordinar el retiro o el env\u00edo de tu producto de manera r\u00e1pida y sencilla.<\/p>\n<div class=\"botones\"><a href=\"https:\/\/zedra.com.ar\/ecommerce\/wp-content\/uploads\/2024\/12\/COLECCION-WAVE-SPLASH.pdf\" target=\"_blank\" rel=\"noopener\"><button class=\"boton1\">Ficha t\u00e9cnica<\/button><\/a><br \/>\n<a href=\"https:\/\/zedra.com.ar\/recursos\/\" target=\"_blank\" rel=\"noopener\"><button class=\"boton1\">Recursos<\/button><\/a><\/div>\n","protected":false},"featured_media":987547351,"template":"","meta":{"_acf_changed":false,"_et_pb_use_builder":"","_et_pb_old_content":"","_et_gb_content_width":"","_joinchat":[]},"product_brand":[],"product_cat":[16,42,132],"product_tag":[],"class_list":{"0":"post-987545800","1":"product","2":"type-product","3":"status-publish","4":"has-post-thumbnail","6":"product_cat-todos-los-productos","7":"product_cat-baneras","8":"product_cat-coleccion-wave","10":"first","11":"instock","12":"taxable","13":"shipping-taxable","14":"purchasable","15":"product-type-simple"},"acf":[],"yoast_head":"<!-- This site is optimized with the Yoast SEO plugin v26.2 - https:\/\/yoast.com\/wordpress\/plugins\/seo\/ -->\n<title>Ba\u00f1era Acr\u00edlica Wave Splash 130x70x58 cm - Zedra Store<\/title>\n<meta name=\"robots\" content=\"index, follow, max-snippet:-1, max-image-preview:large, max-video-preview:-1\" \/>\n<link rel=\"canonical\" href=\"https:\/\/zedra.com.ar\/ecommerce\/tienda\/baneras\/coleccion-wave\/banera-acrilica-wave-splash-130x70x58-cm\/\" \/>\n<meta property=\"og:locale\" content=\"es_ES\" \/>\n<meta property=\"og:type\" content=\"article\" \/>\n<meta property=\"og:title\" content=\"Ba\u00f1era Acr\u00edlica Wave Splash 130x70x58 cm - Zedra Store\" \/>\n<meta property=\"og:description\" content=\"Encontr\u00e1 el distribuidor Zedra m\u00e1s cercano para coordinar el retiro o el env\u00edo de tu producto de manera r\u00e1pida y sencilla. Ficha t\u00e9cnica Recursos\" \/>\n<meta property=\"og:url\" content=\"https:\/\/zedra.com.ar\/ecommerce\/tienda\/baneras\/coleccion-wave\/banera-acrilica-wave-splash-130x70x58-cm\/\" \/>\n<meta property=\"og:site_name\" content=\"Zedra Store\" \/>\n<meta property=\"article:publisher\" content=\"https:\/\/www.facebook.com\/zedraamoblamientos\" \/>\n<meta property=\"article:modified_time\" content=\"2026-04-21T00:31:29+00:00\" \/>\n<meta property=\"og:image\" content=\"https:\/\/zedra.com.ar\/ecommerce\/wp-content\/uploads\/2025\/06\/Splash-6.jpg\" \/>\n\t<meta property=\"og:image:width\" content=\"1080\" \/>\n\t<meta property=\"og:image:height\" content=\"1080\" \/>\n\t<meta property=\"og:image:type\" content=\"image\/jpeg\" \/>\n<meta name=\"twitter:card\" content=\"summary_large_image\" \/>\n<meta name=\"twitter:label1\" content=\"Tiempo de lectura\" \/>\n\t<meta name=\"twitter:data1\" content=\"1 minuto\" \/>\n<script type=\"application\/ld+json\" class=\"yoast-schema-graph\">{\"@context\":\"https:\/\/schema.org\",\"@graph\":[{\"@type\":\"WebPage\",\"@id\":\"https:\/\/zedra.com.ar\/ecommerce\/tienda\/baneras\/coleccion-wave\/banera-acrilica-wave-splash-130x70x58-cm\/\",\"url\":\"https:\/\/zedra.com.ar\/ecommerce\/tienda\/baneras\/coleccion-wave\/banera-acrilica-wave-splash-130x70x58-cm\/\",\"name\":\"Ba\u00f1era Acr\u00edlica Wave Splash 130x70x58 cm - Zedra Store\",\"isPartOf\":{\"@id\":\"https:\/\/zedra.com.ar\/ecommerce\/#website\"},\"primaryImageOfPage\":{\"@id\":\"https:\/\/zedra.com.ar\/ecommerce\/tienda\/baneras\/coleccion-wave\/banera-acrilica-wave-splash-130x70x58-cm\/#primaryimage\"},\"image\":{\"@id\":\"https:\/\/zedra.com.ar\/ecommerce\/tienda\/baneras\/coleccion-wave\/banera-acrilica-wave-splash-130x70x58-cm\/#primaryimage\"},\"thumbnailUrl\":\"https:\/\/zedra.com.ar\/ecommerce\/wp-content\/uploads\/2025\/06\/Splash-6.jpg\",\"datePublished\":\"2025-06-24T22:02:32+00:00\",\"dateModified\":\"2026-04-21T00:31:29+00:00\",\"breadcrumb\":{\"@id\":\"https:\/\/zedra.com.ar\/ecommerce\/tienda\/baneras\/coleccion-wave\/banera-acrilica-wave-splash-130x70x58-cm\/#breadcrumb\"},\"inLanguage\":\"es-AR\",\"potentialAction\":[{\"@type\":\"ReadAction\",\"target\":[\"https:\/\/zedra.com.ar\/ecommerce\/tienda\/baneras\/coleccion-wave\/banera-acrilica-wave-splash-130x70x58-cm\/\"]}]},{\"@type\":\"ImageObject\",\"inLanguage\":\"es-AR\",\"@id\":\"https:\/\/zedra.com.ar\/ecommerce\/tienda\/baneras\/coleccion-wave\/banera-acrilica-wave-splash-130x70x58-cm\/#primaryimage\",\"url\":\"https:\/\/zedra.com.ar\/ecommerce\/wp-content\/uploads\/2025\/06\/Splash-6.jpg\",\"contentUrl\":\"https:\/\/zedra.com.ar\/ecommerce\/wp-content\/uploads\/2025\/06\/Splash-6.jpg\",\"width\":1080,\"height\":1080},{\"@type\":\"BreadcrumbList\",\"@id\":\"https:\/\/zedra.com.ar\/ecommerce\/tienda\/baneras\/coleccion-wave\/banera-acrilica-wave-splash-130x70x58-cm\/#breadcrumb\",\"itemListElement\":[{\"@type\":\"ListItem\",\"position\":1,\"name\":\"Inicio\",\"item\":\"https:\/\/zedra.com.ar\/ecommerce\/\"},{\"@type\":\"ListItem\",\"position\":2,\"name\":\"Tienda\",\"item\":\"https:\/\/zedra.com.ar\/ecommerce\/tienda\/\"},{\"@type\":\"ListItem\",\"position\":3,\"name\":\"Ba\u00f1era Acr\u00edlica Wave Splash 130x70x58 cm\"}]},{\"@type\":\"WebSite\",\"@id\":\"https:\/\/zedra.com.ar\/ecommerce\/#website\",\"url\":\"https:\/\/zedra.com.ar\/ecommerce\/\",\"name\":\"ZEDRA E-COMMERCE\",\"description\":\"\",\"publisher\":{\"@id\":\"https:\/\/zedra.com.ar\/ecommerce\/#organization\"},\"potentialAction\":[{\"@type\":\"SearchAction\",\"target\":{\"@type\":\"EntryPoint\",\"urlTemplate\":\"https:\/\/zedra.com.ar\/ecommerce\/?s={search_term_string}\"},\"query-input\":{\"@type\":\"PropertyValueSpecification\",\"valueRequired\":true,\"valueName\":\"search_term_string\"}}],\"inLanguage\":\"es-AR\"},{\"@type\":\"Organization\",\"@id\":\"https:\/\/zedra.com.ar\/ecommerce\/#organization\",\"name\":\"ZEDRA E-COMMERCE\",\"url\":\"https:\/\/zedra.com.ar\/ecommerce\/\",\"logo\":{\"@type\":\"ImageObject\",\"inLanguage\":\"es-AR\",\"@id\":\"https:\/\/zedra.com.ar\/ecommerce\/#\/schema\/logo\/image\/\",\"url\":\"https:\/\/zedra.com.ar\/ecommerce\/wp-content\/uploads\/2024\/11\/logo-black.png.png\",\"contentUrl\":\"https:\/\/zedra.com.ar\/ecommerce\/wp-content\/uploads\/2024\/11\/logo-black.png.png\",\"width\":123,\"height\":37,\"caption\":\"ZEDRA E-COMMERCE\"},\"image\":{\"@id\":\"https:\/\/zedra.com.ar\/ecommerce\/#\/schema\/logo\/image\/\"},\"sameAs\":[\"https:\/\/www.facebook.com\/zedraamoblamientos\",\"https:\/\/www.instagram.com\/zedra_amoblamientos\/\",\"https:\/\/www.linkedin.com\/company\/zedraamoblamientos\/\",\"https:\/\/ar.pinterest.com\/zedra_amoblamientos\/\",\"https:\/\/www.youtube.com\/@zedraamoblamientos7413\"]}]}<\/script>\n<!-- \/ Yoast SEO plugin. -->","yoast_head_json":{"title":"Ba\u00f1era Acr\u00edlica Wave Splash 130x70x58 cm - Zedra Store","robots":{"index":"index","follow":"follow","max-snippet":"max-snippet:-1","max-image-preview":"max-image-preview:large","max-video-preview":"max-video-preview:-1"},"canonical":"https:\/\/zedra.com.ar\/ecommerce\/tienda\/baneras\/coleccion-wave\/banera-acrilica-wave-splash-130x70x58-cm\/","og_locale":"es_ES","og_type":"article","og_title":"Ba\u00f1era Acr\u00edlica Wave Splash 130x70x58 cm - Zedra Store","og_description":"Encontr\u00e1 el distribuidor Zedra m\u00e1s cercano para coordinar el retiro o el env\u00edo de tu producto de manera r\u00e1pida y sencilla. Ficha t\u00e9cnica Recursos","og_url":"https:\/\/zedra.com.ar\/ecommerce\/tienda\/baneras\/coleccion-wave\/banera-acrilica-wave-splash-130x70x58-cm\/","og_site_name":"Zedra Store","article_publisher":"https:\/\/www.facebook.com\/zedraamoblamientos","article_modified_time":"2026-04-21T00:31:29+00:00","og_image":[{"width":1080,"height":1080,"url":"https:\/\/zedra.com.ar\/ecommerce\/wp-content\/uploads\/2025\/06\/Splash-6.jpg","type":"image\/jpeg"}],"twitter_card":"summary_large_image","twitter_misc":{"Tiempo de lectura":"1 minuto"},"schema":{"@context":"https:\/\/schema.org","@graph":[{"@type":"WebPage","@id":"https:\/\/zedra.com.ar\/ecommerce\/tienda\/baneras\/coleccion-wave\/banera-acrilica-wave-splash-130x70x58-cm\/","url":"https:\/\/zedra.com.ar\/ecommerce\/tienda\/baneras\/coleccion-wave\/banera-acrilica-wave-splash-130x70x58-cm\/","name":"Ba\u00f1era Acr\u00edlica Wave Splash 130x70x58 cm - Zedra Store","isPartOf":{"@id":"https:\/\/zedra.com.ar\/ecommerce\/#website"},"primaryImageOfPage":{"@id":"https:\/\/zedra.com.ar\/ecommerce\/tienda\/baneras\/coleccion-wave\/banera-acrilica-wave-splash-130x70x58-cm\/#primaryimage"},"image":{"@id":"https:\/\/zedra.com.ar\/ecommerce\/tienda\/baneras\/coleccion-wave\/banera-acrilica-wave-splash-130x70x58-cm\/#primaryimage"},"thumbnailUrl":"https:\/\/zedra.com.ar\/ecommerce\/wp-content\/uploads\/2025\/06\/Splash-6.jpg","datePublished":"2025-06-24T22:02:32+00:00","dateModified":"2026-04-21T00:31:29+00:00","breadcrumb":{"@id":"https:\/\/zedra.com.ar\/ecommerce\/tienda\/baneras\/coleccion-wave\/banera-acrilica-wave-splash-130x70x58-cm\/#breadcrumb"},"inLanguage":"es-AR","potentialAction":[{"@type":"ReadAction","target":["https:\/\/zedra.com.ar\/ecommerce\/tienda\/baneras\/coleccion-wave\/banera-acrilica-wave-splash-130x70x58-cm\/"]}]},{"@type":"ImageObject","inLanguage":"es-AR","@id":"https:\/\/zedra.com.ar\/ecommerce\/tienda\/baneras\/coleccion-wave\/banera-acrilica-wave-splash-130x70x58-cm\/#primaryimage","url":"https:\/\/zedra.com.ar\/ecommerce\/wp-content\/uploads\/2025\/06\/Splash-6.jpg","contentUrl":"https:\/\/zedra.com.ar\/ecommerce\/wp-content\/uploads\/2025\/06\/Splash-6.jpg","width":1080,"height":1080},{"@type":"BreadcrumbList","@id":"https:\/\/zedra.com.ar\/ecommerce\/tienda\/baneras\/coleccion-wave\/banera-acrilica-wave-splash-130x70x58-cm\/#breadcrumb","itemListElement":[{"@type":"ListItem","position":1,"name":"Inicio","item":"https:\/\/zedra.com.ar\/ecommerce\/"},{"@type":"ListItem","position":2,"name":"Tienda","item":"https:\/\/zedra.com.ar\/ecommerce\/tienda\/"},{"@type":"ListItem","position":3,"name":"Ba\u00f1era Acr\u00edlica Wave Splash 130x70x58 cm"}]},{"@type":"WebSite","@id":"https:\/\/zedra.com.ar\/ecommerce\/#website","url":"https:\/\/zedra.com.ar\/ecommerce\/","name":"ZEDRA E-COMMERCE","description":"","publisher":{"@id":"https:\/\/zedra.com.ar\/ecommerce\/#organization"},"potentialAction":[{"@type":"SearchAction","target":{"@type":"EntryPoint","urlTemplate":"https:\/\/zedra.com.ar\/ecommerce\/?s={search_term_string}"},"query-input":{"@type":"PropertyValueSpecification","valueRequired":true,"valueName":"search_term_string"}}],"inLanguage":"es-AR"},{"@type":"Organization","@id":"https:\/\/zedra.com.ar\/ecommerce\/#organization","name":"ZEDRA E-COMMERCE","url":"https:\/\/zedra.com.ar\/ecommerce\/","logo":{"@type":"ImageObject","inLanguage":"es-AR","@id":"https:\/\/zedra.com.ar\/ecommerce\/#\/schema\/logo\/image\/","url":"https:\/\/zedra.com.ar\/ecommerce\/wp-content\/uploads\/2024\/11\/logo-black.png.png","contentUrl":"https:\/\/zedra.com.ar\/ecommerce\/wp-content\/uploads\/2024\/11\/logo-black.png.png","width":123,"height":37,"caption":"ZEDRA E-COMMERCE"},"image":{"@id":"https:\/\/zedra.com.ar\/ecommerce\/#\/schema\/logo\/image\/"},"sameAs":["https:\/\/www.facebook.com\/zedraamoblamientos","https:\/\/www.instagram.com\/zedra_amoblamientos\/","https:\/\/www.linkedin.com\/company\/zedraamoblamientos\/","https:\/\/ar.pinterest.com\/zedra_amoblamientos\/","https:\/\/www.youtube.com\/@zedraamoblamientos7413"]}]}},"_links":{"self":[{"href":"https:\/\/zedra.com.ar\/ecommerce\/wp-json\/wp\/v2\/product\/987545800","targetHints":{"allow":["GET"]}}],"collection":[{"href":"https:\/\/zedra.com.ar\/ecommerce\/wp-json\/wp\/v2\/product"}],"about":[{"href":"https:\/\/zedra.com.ar\/ecommerce\/wp-json\/wp\/v2\/types\/product"}],"wp:featuredmedia":[{"embeddable":true,"href":"https:\/\/zedra.com.ar\/ecommerce\/wp-json\/wp\/v2\/media\/987547351"}],"wp:attachment":[{"href":"https:\/\/zedra.com.ar\/ecommerce\/wp-json\/wp\/v2\/media?parent=987545800"}],"wp:term":[{"taxonomy":"product_brand","embeddable":true,"href":"https:\/\/zedra.com.ar\/ecommerce\/wp-json\/wp\/v2\/product_brand?post=987545800"},{"taxonomy":"product_cat","embeddable":true,"href":"https:\/\/zedra.com.ar\/ecommerce\/wp-json\/wp\/v2\/product_cat?post=987545800"},{"taxonomy":"product_tag","embeddable":true,"href":"https:\/\/zedra.com.ar\/ecommerce\/wp-json\/wp\/v2\/product_tag?post=987545800"}],"curies":[{"name":"wp","href":"https:\/\/api.w.org\/{rel}","templated":true}]}}